{"id":488,"date":"2023-08-21T11:26:27","date_gmt":"2023-08-21T15:26:27","guid":{"rendered":"https:\/\/localhost\/accentlabels\/web\/durabilite\/"},"modified":"2023-11-08T09:28:33","modified_gmt":"2023-11-08T14:28:33","slug":"durabilite","status":"publish","type":"page","link":"https:\/\/accentlabels.com\/fr\/durabilite\/","title":{"rendered":"Durabilit\u00e9"},"content":{"rendered":"","protected":false},"excerpt":{"rendered":"","protected":false},"author":4,"featured_media":0,"parent":0,"menu_order":0,"comment_status":"closed","ping_status":"closed","template":"template-parts\/sustainability-page.php","meta":{"inline_featured_image":false,"footnotes":""},"class_list":["post-488","page","type-page","status-publish","hentry"],"acf":[],"yoast_head":"<!-- This site is optimized with the Yoast SEO plugin v21.3 - https:\/\/yoast.com\/wordpress\/plugins\/seo\/ -->\n<title>Durabilit\u00e9 | Accent Labels<\/title>\n<meta name=\"description\" content=\"EcoSense\u00ae incarne l\u2019engagement d\u2019Accent Labels pour la cr\u00e9ation d\u2019un avenir meilleur et plus durable. En tant que partenaires de choix, nous soutenons activement vos efforts en mati\u00e8re de responsabilit\u00e9 sociale d\u2019entreprise\u202f(RSE) et vous aidons \u00e0 les r\u00e9aliser. Nous innovons constamment, toujours \u00e0 l\u2019aff\u00fbt des nouveaux mat\u00e9riaux et des nouvelles pratiques manufacturi\u00e8res qui serviront au mieux vos projets et l\u2019environnement. Et nous sommes tout aussi engag\u00e9s dans la gestion et le respect des normes environnementales et \u00e9thiques reconnues en vigueur.\" \/>\n<meta name=\"robots\" content=\"index, follow, max-snippet:-1, max-image-preview:large, max-video-preview:-1\" \/>\n<link rel=\"canonical\" href=\"https:\/\/accentlabels.com\/fr\/durabilite\/\" \/>\n<meta property=\"og:locale\" content=\"fr_FR\" \/>\n<meta property=\"og:type\" content=\"article\" \/>\n<meta property=\"og:title\" content=\"Durabilit\u00e9 | Accent Labels\" \/>\n<meta property=\"og:description\" content=\"EcoSense\u00ae incarne l\u2019engagement d\u2019Accent Labels pour la cr\u00e9ation d\u2019un avenir meilleur et plus durable. En tant que partenaires de choix, nous soutenons activement vos efforts en mati\u00e8re de responsabilit\u00e9 sociale d\u2019entreprise\u202f(RSE) et vous aidons \u00e0 les r\u00e9aliser. Nous innovons constamment, toujours \u00e0 l\u2019aff\u00fbt des nouveaux mat\u00e9riaux et des nouvelles pratiques manufacturi\u00e8res qui serviront au mieux vos projets et l\u2019environnement. Et nous sommes tout aussi engag\u00e9s dans la gestion et le respect des normes environnementales et \u00e9thiques reconnues en vigueur.\" \/>\n<meta property=\"og:url\" content=\"https:\/\/accentlabels.com\/fr\/durabilite\/\" \/>\n<meta property=\"og:site_name\" content=\"Accent Labels\" \/>\n<meta property=\"article:modified_time\" content=\"2023-11-08T14:28:33+00:00\" \/>\n<meta name=\"twitter:card\" content=\"summary_large_image\" \/>\n<script type=\"application\/ld+json\" class=\"yoast-schema-graph\">{\"@context\":\"https:\/\/schema.org\",\"@graph\":[{\"@type\":\"WebPage\",\"@id\":\"https:\/\/accentlabels.com\/fr\/durabilite\/\",\"url\":\"https:\/\/accentlabels.com\/fr\/durabilite\/\",\"name\":\"Durabilit\u00e9 | Accent Labels\",\"isPartOf\":{\"@id\":\"https:\/\/www.accentlabels.com\/fr\/#website\"},\"datePublished\":\"2023-08-21T15:26:27+00:00\",\"dateModified\":\"2023-11-08T14:28:33+00:00\",\"description\":\"EcoSense\u00ae incarne l\u2019engagement d\u2019Accent Labels pour la cr\u00e9ation d\u2019un avenir meilleur et plus durable. En tant que partenaires de choix, nous soutenons activement vos efforts en mati\u00e8re de responsabilit\u00e9 sociale d\u2019entreprise\u202f(RSE) et vous aidons \u00e0 les r\u00e9aliser. Nous innovons constamment, toujours \u00e0 l\u2019aff\u00fbt des nouveaux mat\u00e9riaux et des nouvelles pratiques manufacturi\u00e8res qui serviront au mieux vos projets et l\u2019environnement. Et nous sommes tout aussi engag\u00e9s dans la gestion et le respect des normes environnementales et \u00e9thiques reconnues en vigueur.\",\"breadcrumb\":{\"@id\":\"https:\/\/accentlabels.com\/fr\/durabilite\/#breadcrumb\"},\"inLanguage\":\"fr-FR\",\"potentialAction\":[{\"@type\":\"ReadAction\",\"target\":[\"https:\/\/accentlabels.com\/fr\/durabilite\/\"]}]},{\"@type\":\"BreadcrumbList\",\"@id\":\"https:\/\/accentlabels.com\/fr\/durabilite\/#breadcrumb\",\"itemListElement\":[{\"@type\":\"ListItem\",\"position\":1,\"name\":\"Home\",\"item\":\"https:\/\/accentlabels.com.67-215-6-202.limacharlie.studio\/fr\/\"},{\"@type\":\"ListItem\",\"position\":2,\"name\":\"Durabilit\u00e9\"}]},{\"@type\":\"WebSite\",\"@id\":\"https:\/\/www.accentlabels.com\/fr\/#website\",\"url\":\"https:\/\/www.accentlabels.com\/fr\/\",\"name\":\"Accent Labels\",\"description\":\"\",\"potentialAction\":[{\"@type\":\"SearchAction\",\"target\":{\"@type\":\"EntryPoint\",\"urlTemplate\":\"https:\/\/www.accentlabels.com\/fr\/?s={search_term_string}\"},\"query-input\":\"required name=search_term_string\"}],\"inLanguage\":\"fr-FR\"}]}<\/script>\n<!-- \/ Yoast SEO plugin. -->","yoast_head_json":{"title":"Durabilit\u00e9 | Accent Labels","description":"EcoSense\u00ae incarne l\u2019engagement d\u2019Accent Labels pour la cr\u00e9ation d\u2019un avenir meilleur et plus durable. En tant que partenaires de choix, nous soutenons activement vos efforts en mati\u00e8re de responsabilit\u00e9 sociale d\u2019entreprise\u202f(RSE) et vous aidons \u00e0 les r\u00e9aliser. Nous innovons constamment, toujours \u00e0 l\u2019aff\u00fbt des nouveaux mat\u00e9riaux et des nouvelles pratiques manufacturi\u00e8res qui serviront au mieux vos projets et l\u2019environnement. Et nous sommes tout aussi engag\u00e9s dans la gestion et le respect des normes environnementales et \u00e9thiques reconnues en vigueur.","robots":{"index":"index","follow":"follow","max-snippet":"max-snippet:-1","max-image-preview":"max-image-preview:large","max-video-preview":"max-video-preview:-1"},"canonical":"https:\/\/accentlabels.com\/fr\/durabilite\/","og_locale":"fr_FR","og_type":"article","og_title":"Durabilit\u00e9 | Accent Labels","og_description":"EcoSense\u00ae incarne l\u2019engagement d\u2019Accent Labels pour la cr\u00e9ation d\u2019un avenir meilleur et plus durable. En tant que partenaires de choix, nous soutenons activement vos efforts en mati\u00e8re de responsabilit\u00e9 sociale d\u2019entreprise\u202f(RSE) et vous aidons \u00e0 les r\u00e9aliser. Nous innovons constamment, toujours \u00e0 l\u2019aff\u00fbt des nouveaux mat\u00e9riaux et des nouvelles pratiques manufacturi\u00e8res qui serviront au mieux vos projets et l\u2019environnement. Et nous sommes tout aussi engag\u00e9s dans la gestion et le respect des normes environnementales et \u00e9thiques reconnues en vigueur.","og_url":"https:\/\/accentlabels.com\/fr\/durabilite\/","og_site_name":"Accent Labels","article_modified_time":"2023-11-08T14:28:33+00:00","twitter_card":"summary_large_image","schema":{"@context":"https:\/\/schema.org","@graph":[{"@type":"WebPage","@id":"https:\/\/accentlabels.com\/fr\/durabilite\/","url":"https:\/\/accentlabels.com\/fr\/durabilite\/","name":"Durabilit\u00e9 | Accent Labels","isPartOf":{"@id":"https:\/\/www.accentlabels.com\/fr\/#website"},"datePublished":"2023-08-21T15:26:27+00:00","dateModified":"2023-11-08T14:28:33+00:00","description":"EcoSense\u00ae incarne l\u2019engagement d\u2019Accent Labels pour la cr\u00e9ation d\u2019un avenir meilleur et plus durable. En tant que partenaires de choix, nous soutenons activement vos efforts en mati\u00e8re de responsabilit\u00e9 sociale d\u2019entreprise\u202f(RSE) et vous aidons \u00e0 les r\u00e9aliser. Nous innovons constamment, toujours \u00e0 l\u2019aff\u00fbt des nouveaux mat\u00e9riaux et des nouvelles pratiques manufacturi\u00e8res qui serviront au mieux vos projets et l\u2019environnement. Et nous sommes tout aussi engag\u00e9s dans la gestion et le respect des normes environnementales et \u00e9thiques reconnues en vigueur.","breadcrumb":{"@id":"https:\/\/accentlabels.com\/fr\/durabilite\/#breadcrumb"},"inLanguage":"fr-FR","potentialAction":[{"@type":"ReadAction","target":["https:\/\/accentlabels.com\/fr\/durabilite\/"]}]},{"@type":"BreadcrumbList","@id":"https:\/\/accentlabels.com\/fr\/durabilite\/#breadcrumb","itemListElement":[{"@type":"ListItem","position":1,"name":"Home","item":"https:\/\/accentlabels.com.67-215-6-202.limacharlie.studio\/fr\/"},{"@type":"ListItem","position":2,"name":"Durabilit\u00e9"}]},{"@type":"WebSite","@id":"https:\/\/www.accentlabels.com\/fr\/#website","url":"https:\/\/www.accentlabels.com\/fr\/","name":"Accent Labels","description":"","potentialAction":[{"@type":"SearchAction","target":{"@type":"EntryPoint","urlTemplate":"https:\/\/www.accentlabels.com\/fr\/?s={search_term_string}"},"query-input":"required name=search_term_string"}],"inLanguage":"fr-FR"}]}},"_links":{"self":[{"href":"https:\/\/accentlabels.com\/fr\/wp-json\/wp\/v2\/pages\/488","targetHints":{"allow":["GET"]}}],"collection":[{"href":"https:\/\/accentlabels.com\/fr\/wp-json\/wp\/v2\/pages"}],"about":[{"href":"https:\/\/accentlabels.com\/fr\/wp-json\/wp\/v2\/types\/page"}],"author":[{"embeddable":true,"href":"https:\/\/accentlabels.com\/fr\/wp-json\/wp\/v2\/users\/4"}],"replies":[{"embeddable":true,"href":"https:\/\/accentlabels.com\/fr\/wp-json\/wp\/v2\/comments?post=488"}],"version-history":[{"count":8,"href":"https:\/\/accentlabels.com\/fr\/wp-json\/wp\/v2\/pages\/488\/revisions"}],"predecessor-version":[{"id":1379,"href":"https:\/\/accentlabels.com\/fr\/wp-json\/wp\/v2\/pages\/488\/revisions\/1379"}],"wp:attachment":[{"href":"https:\/\/accentlabels.com\/fr\/wp-json\/wp\/v2\/media?parent=488"}],"curies":[{"name":"wp","href":"https:\/\/api.w.org\/{rel}","templated":true}]}}