{"id":489,"date":"2023-08-21T11:24:36","date_gmt":"2023-08-21T15:24:36","guid":{"rendered":"https:\/\/localhost\/accentlabels\/web\/produits-rfid\/"},"modified":"2023-11-10T14:01:28","modified_gmt":"2023-11-10T19:01:28","slug":"produits-rfid","status":"publish","type":"page","link":"https:\/\/accentlabels.com\/fr\/produits-rfid\/","title":{"rendered":"Produits \/ IRF (RFID)"},"content":{"rendered":"","protected":false},"excerpt":{"rendered":"","protected":false},"author":4,"featured_media":0,"parent":0,"menu_order":0,"comment_status":"closed","ping_status":"closed","template":"template-parts\/products-rfid.php","meta":{"inline_featured_image":false,"footnotes":""},"class_list":["post-489","page","type-page","status-publish","hentry"],"acf":[],"yoast_head":"<!-- This site is optimized with the Yoast SEO plugin v21.3 - https:\/\/yoast.com\/wordpress\/plugins\/seo\/ -->\n<title>Produits \/ IRF (RFID) | Accent Labels<\/title>\n<meta name=\"description\" content=\"Toujours \u00e0 l\u2019avant-sc\u00e8ne de l\u2019innovation, Accent Labels int\u00e8gre l\u2019identification par radiofr\u00e9quence (RFID) \u00e0 votre cha\u00eene d\u2019approvisionnement en toute simplicit\u00e9. Notre \u00e9quipe met \u00e0 votre disposition les derni\u00e8res avanc\u00e9es dans le domaine de la gestion des stocks pour un suivi pr\u00e9cis des donn\u00e9es, en temps r\u00e9el. Sp\u00e9cialistes des secteurs manufacturiers, du v\u00eatement et du commerce de d\u00e9tail, nos experts collaborent avec des fournisseurs internationaux bien \u00e9tablis. Ils vous accompagnent dans le choix et le d\u00e9ploiement de la technologie RFID la mieux adapt\u00e9e \u00e0 votre r\u00e9alit\u00e9.\" \/>\n<meta name=\"robots\" content=\"index, follow, max-snippet:-1, max-image-preview:large, max-video-preview:-1\" \/>\n<link rel=\"canonical\" href=\"https:\/\/accentlabels.com\/fr\/produits-rfid\/\" \/>\n<meta property=\"og:locale\" content=\"fr_FR\" \/>\n<meta property=\"og:type\" content=\"article\" \/>\n<meta property=\"og:title\" content=\"Produits \/ IRF (RFID) | Accent Labels\" \/>\n<meta property=\"og:description\" content=\"Toujours \u00e0 l\u2019avant-sc\u00e8ne de l\u2019innovation, Accent Labels int\u00e8gre l\u2019identification par radiofr\u00e9quence (RFID) \u00e0 votre cha\u00eene d\u2019approvisionnement en toute simplicit\u00e9. Notre \u00e9quipe met \u00e0 votre disposition les derni\u00e8res avanc\u00e9es dans le domaine de la gestion des stocks pour un suivi pr\u00e9cis des donn\u00e9es, en temps r\u00e9el. Sp\u00e9cialistes des secteurs manufacturiers, du v\u00eatement et du commerce de d\u00e9tail, nos experts collaborent avec des fournisseurs internationaux bien \u00e9tablis. Ils vous accompagnent dans le choix et le d\u00e9ploiement de la technologie RFID la mieux adapt\u00e9e \u00e0 votre r\u00e9alit\u00e9.\" \/>\n<meta property=\"og:url\" content=\"https:\/\/accentlabels.com\/fr\/produits-rfid\/\" \/>\n<meta property=\"og:site_name\" content=\"Accent Labels\" \/>\n<meta property=\"article:modified_time\" content=\"2023-11-10T19:01:28+00:00\" \/>\n<meta name=\"twitter:card\" content=\"summary_large_image\" \/>\n<script type=\"application\/ld+json\" class=\"yoast-schema-graph\">{\"@context\":\"https:\/\/schema.org\",\"@graph\":[{\"@type\":\"WebPage\",\"@id\":\"https:\/\/accentlabels.com\/fr\/produits-rfid\/\",\"url\":\"https:\/\/accentlabels.com\/fr\/produits-rfid\/\",\"name\":\"Produits \/ IRF (RFID) | Accent Labels\",\"isPartOf\":{\"@id\":\"https:\/\/accentlabels.com.67-215-6-202.limacharlie.studio\/#website\"},\"datePublished\":\"2023-08-21T15:24:36+00:00\",\"dateModified\":\"2023-11-10T19:01:28+00:00\",\"description\":\"Toujours \u00e0 l\u2019avant-sc\u00e8ne de l\u2019innovation, Accent Labels int\u00e8gre l\u2019identification par radiofr\u00e9quence (RFID) \u00e0 votre cha\u00eene d\u2019approvisionnement en toute simplicit\u00e9. Notre \u00e9quipe met \u00e0 votre disposition les derni\u00e8res avanc\u00e9es dans le domaine de la gestion des stocks pour un suivi pr\u00e9cis des donn\u00e9es, en temps r\u00e9el. Sp\u00e9cialistes des secteurs manufacturiers, du v\u00eatement et du commerce de d\u00e9tail, nos experts collaborent avec des fournisseurs internationaux bien \u00e9tablis. Ils vous accompagnent dans le choix et le d\u00e9ploiement de la technologie RFID la mieux adapt\u00e9e \u00e0 votre r\u00e9alit\u00e9.\",\"breadcrumb\":{\"@id\":\"https:\/\/accentlabels.com\/fr\/produits-rfid\/#breadcrumb\"},\"inLanguage\":\"fr-FR\",\"potentialAction\":[{\"@type\":\"ReadAction\",\"target\":[\"https:\/\/accentlabels.com\/fr\/produits-rfid\/\"]}]},{\"@type\":\"BreadcrumbList\",\"@id\":\"https:\/\/accentlabels.com\/fr\/produits-rfid\/#breadcrumb\",\"itemListElement\":[{\"@type\":\"ListItem\",\"position\":1,\"name\":\"Home\",\"item\":\"https:\/\/accentlabels.com\/fr\/\"},{\"@type\":\"ListItem\",\"position\":2,\"name\":\"Produits \/ IRF (RFID)\"}]},{\"@type\":\"WebSite\",\"@id\":\"https:\/\/accentlabels.com.67-215-6-202.limacharlie.studio\/#website\",\"url\":\"https:\/\/accentlabels.com.67-215-6-202.limacharlie.studio\/\",\"name\":\"Accent Labels\",\"description\":\"\",\"potentialAction\":[{\"@type\":\"SearchAction\",\"target\":{\"@type\":\"EntryPoint\",\"urlTemplate\":\"https:\/\/accentlabels.com.67-215-6-202.limacharlie.studio\/?s={search_term_string}\"},\"query-input\":\"required name=search_term_string\"}],\"inLanguage\":\"fr-FR\"}]}<\/script>\n<!-- \/ Yoast SEO plugin. -->","yoast_head_json":{"title":"Produits \/ IRF (RFID) | Accent Labels","description":"Toujours \u00e0 l\u2019avant-sc\u00e8ne de l\u2019innovation, Accent Labels int\u00e8gre l\u2019identification par radiofr\u00e9quence (RFID) \u00e0 votre cha\u00eene d\u2019approvisionnement en toute simplicit\u00e9. Notre \u00e9quipe met \u00e0 votre disposition les derni\u00e8res avanc\u00e9es dans le domaine de la gestion des stocks pour un suivi pr\u00e9cis des donn\u00e9es, en temps r\u00e9el. Sp\u00e9cialistes des secteurs manufacturiers, du v\u00eatement et du commerce de d\u00e9tail, nos experts collaborent avec des fournisseurs internationaux bien \u00e9tablis. Ils vous accompagnent dans le choix et le d\u00e9ploiement de la technologie RFID la mieux adapt\u00e9e \u00e0 votre r\u00e9alit\u00e9.","robots":{"index":"index","follow":"follow","max-snippet":"max-snippet:-1","max-image-preview":"max-image-preview:large","max-video-preview":"max-video-preview:-1"},"canonical":"https:\/\/accentlabels.com\/fr\/produits-rfid\/","og_locale":"fr_FR","og_type":"article","og_title":"Produits \/ IRF (RFID) | Accent Labels","og_description":"Toujours \u00e0 l\u2019avant-sc\u00e8ne de l\u2019innovation, Accent Labels int\u00e8gre l\u2019identification par radiofr\u00e9quence (RFID) \u00e0 votre cha\u00eene d\u2019approvisionnement en toute simplicit\u00e9. Notre \u00e9quipe met \u00e0 votre disposition les derni\u00e8res avanc\u00e9es dans le domaine de la gestion des stocks pour un suivi pr\u00e9cis des donn\u00e9es, en temps r\u00e9el. Sp\u00e9cialistes des secteurs manufacturiers, du v\u00eatement et du commerce de d\u00e9tail, nos experts collaborent avec des fournisseurs internationaux bien \u00e9tablis. Ils vous accompagnent dans le choix et le d\u00e9ploiement de la technologie RFID la mieux adapt\u00e9e \u00e0 votre r\u00e9alit\u00e9.","og_url":"https:\/\/accentlabels.com\/fr\/produits-rfid\/","og_site_name":"Accent Labels","article_modified_time":"2023-11-10T19:01:28+00:00","twitter_card":"summary_large_image","schema":{"@context":"https:\/\/schema.org","@graph":[{"@type":"WebPage","@id":"https:\/\/accentlabels.com\/fr\/produits-rfid\/","url":"https:\/\/accentlabels.com\/fr\/produits-rfid\/","name":"Produits \/ IRF (RFID) | Accent Labels","isPartOf":{"@id":"https:\/\/accentlabels.com.67-215-6-202.limacharlie.studio\/#website"},"datePublished":"2023-08-21T15:24:36+00:00","dateModified":"2023-11-10T19:01:28+00:00","description":"Toujours \u00e0 l\u2019avant-sc\u00e8ne de l\u2019innovation, Accent Labels int\u00e8gre l\u2019identification par radiofr\u00e9quence (RFID) \u00e0 votre cha\u00eene d\u2019approvisionnement en toute simplicit\u00e9. Notre \u00e9quipe met \u00e0 votre disposition les derni\u00e8res avanc\u00e9es dans le domaine de la gestion des stocks pour un suivi pr\u00e9cis des donn\u00e9es, en temps r\u00e9el. Sp\u00e9cialistes des secteurs manufacturiers, du v\u00eatement et du commerce de d\u00e9tail, nos experts collaborent avec des fournisseurs internationaux bien \u00e9tablis. Ils vous accompagnent dans le choix et le d\u00e9ploiement de la technologie RFID la mieux adapt\u00e9e \u00e0 votre r\u00e9alit\u00e9.","breadcrumb":{"@id":"https:\/\/accentlabels.com\/fr\/produits-rfid\/#breadcrumb"},"inLanguage":"fr-FR","potentialAction":[{"@type":"ReadAction","target":["https:\/\/accentlabels.com\/fr\/produits-rfid\/"]}]},{"@type":"BreadcrumbList","@id":"https:\/\/accentlabels.com\/fr\/produits-rfid\/#breadcrumb","itemListElement":[{"@type":"ListItem","position":1,"name":"Home","item":"https:\/\/accentlabels.com\/fr\/"},{"@type":"ListItem","position":2,"name":"Produits \/ IRF (RFID)"}]},{"@type":"WebSite","@id":"https:\/\/accentlabels.com.67-215-6-202.limacharlie.studio\/#website","url":"https:\/\/accentlabels.com.67-215-6-202.limacharlie.studio\/","name":"Accent Labels","description":"","potentialAction":[{"@type":"SearchAction","target":{"@type":"EntryPoint","urlTemplate":"https:\/\/accentlabels.com.67-215-6-202.limacharlie.studio\/?s={search_term_string}"},"query-input":"required name=search_term_string"}],"inLanguage":"fr-FR"}]}},"_links":{"self":[{"href":"https:\/\/accentlabels.com\/fr\/wp-json\/wp\/v2\/pages\/489","targetHints":{"allow":["GET"]}}],"collection":[{"href":"https:\/\/accentlabels.com\/fr\/wp-json\/wp\/v2\/pages"}],"about":[{"href":"https:\/\/accentlabels.com\/fr\/wp-json\/wp\/v2\/types\/page"}],"author":[{"embeddable":true,"href":"https:\/\/accentlabels.com\/fr\/wp-json\/wp\/v2\/users\/4"}],"replies":[{"embeddable":true,"href":"https:\/\/accentlabels.com\/fr\/wp-json\/wp\/v2\/comments?post=489"}],"version-history":[{"count":5,"href":"https:\/\/accentlabels.com\/fr\/wp-json\/wp\/v2\/pages\/489\/revisions"}],"predecessor-version":[{"id":1454,"href":"https:\/\/accentlabels.com\/fr\/wp-json\/wp\/v2\/pages\/489\/revisions\/1454"}],"wp:attachment":[{"href":"https:\/\/accentlabels.com\/fr\/wp-json\/wp\/v2\/media?parent=489"}],"curies":[{"name":"wp","href":"https:\/\/api.w.org\/{rel}","templated":true}]}}