{"id":491,"date":"2023-08-21T11:22:19","date_gmt":"2023-08-21T15:22:19","guid":{"rendered":"https:\/\/localhost\/accentlabels\/web\/produits-etiquettes-et-balises\/"},"modified":"2023-11-10T13:57:41","modified_gmt":"2023-11-10T18:57:41","slug":"produits-etiquettes-et-balises","status":"publish","type":"page","link":"https:\/\/accentlabels.com\/fr\/produits-etiquettes-et-balises\/","title":{"rendered":"Produits \/ \u00c9tiquettes tiss\u00e9es et imprim\u00e9es"},"content":{"rendered":"","protected":false},"excerpt":{"rendered":"","protected":false},"author":4,"featured_media":0,"parent":0,"menu_order":0,"comment_status":"closed","ping_status":"closed","template":"template-parts\/products-labeltags.php","meta":{"inline_featured_image":false,"footnotes":""},"class_list":["post-491","page","type-page","status-publish","hentry"],"acf":[],"yoast_head":"<!-- This site is optimized with the Yoast SEO plugin v21.3 - https:\/\/yoast.com\/wordpress\/plugins\/seo\/ -->\n<title>Produits \/ \u00c9tiquettes tiss\u00e9es et imprim\u00e9es | Accent Labels<\/title>\n<meta name=\"description\" content=\"Nous excellons dans toute la cha\u00eene de production, de l\u2019impulsion cr\u00e9ative initiale au r\u00e9sultat final de qualit\u00e9 sup\u00e9rieure. Nous offrons, \u00e0 une client\u00e8le compos\u00e9e \u00e0 la fois de marques iconiques et de marques en voie de le devenir, issues du monde de la mode, une vaste s\u00e9lection d\u2019\u00e9tiquettes de marque, de prix et de composition, de transferts \u00e0 chaud, de patchs et m\u00eame d\u2019accessoires de m\u00e9tal. Notre savoir-faire permet l&#039;ancrage de votre identit\u00e9 gr\u00e2ce \u00e0 une grande vari\u00e9t\u00e9 d&#039;\u00e9tiquettes volantes, d&#039;\u00e9tiquettes imprim\u00e9es ou tiss\u00e9es comme de badges et plus encore.  Chaque solution con\u00e7ue par Accent vise \u00e0 r\u00e9pondre sp\u00e9cifiquement \u00e0 vos exigences pour mieux \u00e9pouser l\u2019ADN de votre marque. Cette approche personnalis\u00e9e nous permet de donner vie \u00e0 votre marque gr\u00e2ce \u00e0 divers types d\u2019\u00e9tiquetage. Nos sp\u00e9cialistes d\u00e9vou\u00e9s veillent \u00e0 toujours \u00eatre bien en phase avec votre marque et vos besoins.\" \/>\n<meta name=\"robots\" content=\"index, follow, max-snippet:-1, max-image-preview:large, max-video-preview:-1\" \/>\n<link rel=\"canonical\" href=\"https:\/\/accentlabels.com\/fr\/produits-etiquettes-et-balises\/\" \/>\n<meta property=\"og:locale\" content=\"fr_FR\" \/>\n<meta property=\"og:type\" content=\"article\" \/>\n<meta property=\"og:title\" content=\"Produits \/ \u00c9tiquettes tiss\u00e9es et imprim\u00e9es | Accent Labels\" \/>\n<meta property=\"og:description\" content=\"Nous excellons dans toute la cha\u00eene de production, de l\u2019impulsion cr\u00e9ative initiale au r\u00e9sultat final de qualit\u00e9 sup\u00e9rieure. Nous offrons, \u00e0 une client\u00e8le compos\u00e9e \u00e0 la fois de marques iconiques et de marques en voie de le devenir, issues du monde de la mode, une vaste s\u00e9lection d\u2019\u00e9tiquettes de marque, de prix et de composition, de transferts \u00e0 chaud, de patchs et m\u00eame d\u2019accessoires de m\u00e9tal. Notre savoir-faire permet l&#039;ancrage de votre identit\u00e9 gr\u00e2ce \u00e0 une grande vari\u00e9t\u00e9 d&#039;\u00e9tiquettes volantes, d&#039;\u00e9tiquettes imprim\u00e9es ou tiss\u00e9es comme de badges et plus encore.  Chaque solution con\u00e7ue par Accent vise \u00e0 r\u00e9pondre sp\u00e9cifiquement \u00e0 vos exigences pour mieux \u00e9pouser l\u2019ADN de votre marque. Cette approche personnalis\u00e9e nous permet de donner vie \u00e0 votre marque gr\u00e2ce \u00e0 divers types d\u2019\u00e9tiquetage. Nos sp\u00e9cialistes d\u00e9vou\u00e9s veillent \u00e0 toujours \u00eatre bien en phase avec votre marque et vos besoins.\" \/>\n<meta property=\"og:url\" content=\"https:\/\/accentlabels.com\/fr\/produits-etiquettes-et-balises\/\" \/>\n<meta property=\"og:site_name\" content=\"Accent Labels\" \/>\n<meta property=\"article:modified_time\" content=\"2023-11-10T18:57:41+00:00\" \/>\n<meta name=\"twitter:card\" content=\"summary_large_image\" \/>\n<script type=\"application\/ld+json\" class=\"yoast-schema-graph\">{\"@context\":\"https:\/\/schema.org\",\"@graph\":[{\"@type\":\"WebPage\",\"@id\":\"https:\/\/accentlabels.com\/fr\/produits-etiquettes-et-balises\/\",\"url\":\"https:\/\/accentlabels.com\/fr\/produits-etiquettes-et-balises\/\",\"name\":\"Produits \/ \u00c9tiquettes tiss\u00e9es et imprim\u00e9es | Accent Labels\",\"isPartOf\":{\"@id\":\"https:\/\/www.accentlabels.com\/fr\/#website\"},\"datePublished\":\"2023-08-21T15:22:19+00:00\",\"dateModified\":\"2023-11-10T18:57:41+00:00\",\"description\":\"Nous excellons dans toute la cha\u00eene de production, de l\u2019impulsion cr\u00e9ative initiale au r\u00e9sultat final de qualit\u00e9 sup\u00e9rieure. Nous offrons, \u00e0 une client\u00e8le compos\u00e9e \u00e0 la fois de marques iconiques et de marques en voie de le devenir, issues du monde de la mode, une vaste s\u00e9lection d\u2019\u00e9tiquettes de marque, de prix et de composition, de transferts \u00e0 chaud, de patchs et m\u00eame d\u2019accessoires de m\u00e9tal. Notre savoir-faire permet l'ancrage de votre identit\u00e9 gr\u00e2ce \u00e0 une grande vari\u00e9t\u00e9 d'\u00e9tiquettes volantes, d'\u00e9tiquettes imprim\u00e9es ou tiss\u00e9es comme de badges et plus encore. Chaque solution con\u00e7ue par Accent vise \u00e0 r\u00e9pondre sp\u00e9cifiquement \u00e0 vos exigences pour mieux \u00e9pouser l\u2019ADN de votre marque. Cette approche personnalis\u00e9e nous permet de donner vie \u00e0 votre marque gr\u00e2ce \u00e0 divers types d\u2019\u00e9tiquetage. Nos sp\u00e9cialistes d\u00e9vou\u00e9s veillent \u00e0 toujours \u00eatre bien en phase avec votre marque et vos besoins.\",\"breadcrumb\":{\"@id\":\"https:\/\/accentlabels.com\/fr\/produits-etiquettes-et-balises\/#breadcrumb\"},\"inLanguage\":\"fr-FR\",\"potentialAction\":[{\"@type\":\"ReadAction\",\"target\":[\"https:\/\/accentlabels.com\/fr\/produits-etiquettes-et-balises\/\"]}]},{\"@type\":\"BreadcrumbList\",\"@id\":\"https:\/\/accentlabels.com\/fr\/produits-etiquettes-et-balises\/#breadcrumb\",\"itemListElement\":[{\"@type\":\"ListItem\",\"position\":1,\"name\":\"Home\",\"item\":\"https:\/\/accentlabels.com.67-215-6-202.limacharlie.studio\/fr\/\"},{\"@type\":\"ListItem\",\"position\":2,\"name\":\"Produits \/ \u00c9tiquettes tiss\u00e9es et imprim\u00e9es\"}]},{\"@type\":\"WebSite\",\"@id\":\"https:\/\/www.accentlabels.com\/fr\/#website\",\"url\":\"https:\/\/www.accentlabels.com\/fr\/\",\"name\":\"Accent Labels\",\"description\":\"\",\"potentialAction\":[{\"@type\":\"SearchAction\",\"target\":{\"@type\":\"EntryPoint\",\"urlTemplate\":\"https:\/\/www.accentlabels.com\/fr\/?s={search_term_string}\"},\"query-input\":\"required name=search_term_string\"}],\"inLanguage\":\"fr-FR\"}]}<\/script>\n<!-- \/ Yoast SEO plugin. -->","yoast_head_json":{"title":"Produits \/ \u00c9tiquettes tiss\u00e9es et imprim\u00e9es | Accent Labels","description":"Nous excellons dans toute la cha\u00eene de production, de l\u2019impulsion cr\u00e9ative initiale au r\u00e9sultat final de qualit\u00e9 sup\u00e9rieure. Nous offrons, \u00e0 une client\u00e8le compos\u00e9e \u00e0 la fois de marques iconiques et de marques en voie de le devenir, issues du monde de la mode, une vaste s\u00e9lection d\u2019\u00e9tiquettes de marque, de prix et de composition, de transferts \u00e0 chaud, de patchs et m\u00eame d\u2019accessoires de m\u00e9tal. Notre savoir-faire permet l'ancrage de votre identit\u00e9 gr\u00e2ce \u00e0 une grande vari\u00e9t\u00e9 d'\u00e9tiquettes volantes, d'\u00e9tiquettes imprim\u00e9es ou tiss\u00e9es comme de badges et plus encore.  Chaque solution con\u00e7ue par Accent vise \u00e0 r\u00e9pondre sp\u00e9cifiquement \u00e0 vos exigences pour mieux \u00e9pouser l\u2019ADN de votre marque. Cette approche personnalis\u00e9e nous permet de donner vie \u00e0 votre marque gr\u00e2ce \u00e0 divers types d\u2019\u00e9tiquetage. Nos sp\u00e9cialistes d\u00e9vou\u00e9s veillent \u00e0 toujours \u00eatre bien en phase avec votre marque et vos besoins.","robots":{"index":"index","follow":"follow","max-snippet":"max-snippet:-1","max-image-preview":"max-image-preview:large","max-video-preview":"max-video-preview:-1"},"canonical":"https:\/\/accentlabels.com\/fr\/produits-etiquettes-et-balises\/","og_locale":"fr_FR","og_type":"article","og_title":"Produits \/ \u00c9tiquettes tiss\u00e9es et imprim\u00e9es | Accent Labels","og_description":"Nous excellons dans toute la cha\u00eene de production, de l\u2019impulsion cr\u00e9ative initiale au r\u00e9sultat final de qualit\u00e9 sup\u00e9rieure. Nous offrons, \u00e0 une client\u00e8le compos\u00e9e \u00e0 la fois de marques iconiques et de marques en voie de le devenir, issues du monde de la mode, une vaste s\u00e9lection d\u2019\u00e9tiquettes de marque, de prix et de composition, de transferts \u00e0 chaud, de patchs et m\u00eame d\u2019accessoires de m\u00e9tal. Notre savoir-faire permet l'ancrage de votre identit\u00e9 gr\u00e2ce \u00e0 une grande vari\u00e9t\u00e9 d'\u00e9tiquettes volantes, d'\u00e9tiquettes imprim\u00e9es ou tiss\u00e9es comme de badges et plus encore.  Chaque solution con\u00e7ue par Accent vise \u00e0 r\u00e9pondre sp\u00e9cifiquement \u00e0 vos exigences pour mieux \u00e9pouser l\u2019ADN de votre marque. Cette approche personnalis\u00e9e nous permet de donner vie \u00e0 votre marque gr\u00e2ce \u00e0 divers types d\u2019\u00e9tiquetage. Nos sp\u00e9cialistes d\u00e9vou\u00e9s veillent \u00e0 toujours \u00eatre bien en phase avec votre marque et vos besoins.","og_url":"https:\/\/accentlabels.com\/fr\/produits-etiquettes-et-balises\/","og_site_name":"Accent Labels","article_modified_time":"2023-11-10T18:57:41+00:00","twitter_card":"summary_large_image","schema":{"@context":"https:\/\/schema.org","@graph":[{"@type":"WebPage","@id":"https:\/\/accentlabels.com\/fr\/produits-etiquettes-et-balises\/","url":"https:\/\/accentlabels.com\/fr\/produits-etiquettes-et-balises\/","name":"Produits \/ \u00c9tiquettes tiss\u00e9es et imprim\u00e9es | Accent Labels","isPartOf":{"@id":"https:\/\/www.accentlabels.com\/fr\/#website"},"datePublished":"2023-08-21T15:22:19+00:00","dateModified":"2023-11-10T18:57:41+00:00","description":"Nous excellons dans toute la cha\u00eene de production, de l\u2019impulsion cr\u00e9ative initiale au r\u00e9sultat final de qualit\u00e9 sup\u00e9rieure. Nous offrons, \u00e0 une client\u00e8le compos\u00e9e \u00e0 la fois de marques iconiques et de marques en voie de le devenir, issues du monde de la mode, une vaste s\u00e9lection d\u2019\u00e9tiquettes de marque, de prix et de composition, de transferts \u00e0 chaud, de patchs et m\u00eame d\u2019accessoires de m\u00e9tal. Notre savoir-faire permet l'ancrage de votre identit\u00e9 gr\u00e2ce \u00e0 une grande vari\u00e9t\u00e9 d'\u00e9tiquettes volantes, d'\u00e9tiquettes imprim\u00e9es ou tiss\u00e9es comme de badges et plus encore. Chaque solution con\u00e7ue par Accent vise \u00e0 r\u00e9pondre sp\u00e9cifiquement \u00e0 vos exigences pour mieux \u00e9pouser l\u2019ADN de votre marque. Cette approche personnalis\u00e9e nous permet de donner vie \u00e0 votre marque gr\u00e2ce \u00e0 divers types d\u2019\u00e9tiquetage. Nos sp\u00e9cialistes d\u00e9vou\u00e9s veillent \u00e0 toujours \u00eatre bien en phase avec votre marque et vos besoins.","breadcrumb":{"@id":"https:\/\/accentlabels.com\/fr\/produits-etiquettes-et-balises\/#breadcrumb"},"inLanguage":"fr-FR","potentialAction":[{"@type":"ReadAction","target":["https:\/\/accentlabels.com\/fr\/produits-etiquettes-et-balises\/"]}]},{"@type":"BreadcrumbList","@id":"https:\/\/accentlabels.com\/fr\/produits-etiquettes-et-balises\/#breadcrumb","itemListElement":[{"@type":"ListItem","position":1,"name":"Home","item":"https:\/\/accentlabels.com.67-215-6-202.limacharlie.studio\/fr\/"},{"@type":"ListItem","position":2,"name":"Produits \/ \u00c9tiquettes tiss\u00e9es et imprim\u00e9es"}]},{"@type":"WebSite","@id":"https:\/\/www.accentlabels.com\/fr\/#website","url":"https:\/\/www.accentlabels.com\/fr\/","name":"Accent Labels","description":"","potentialAction":[{"@type":"SearchAction","target":{"@type":"EntryPoint","urlTemplate":"https:\/\/www.accentlabels.com\/fr\/?s={search_term_string}"},"query-input":"required name=search_term_string"}],"inLanguage":"fr-FR"}]}},"_links":{"self":[{"href":"https:\/\/accentlabels.com\/fr\/wp-json\/wp\/v2\/pages\/491","targetHints":{"allow":["GET"]}}],"collection":[{"href":"https:\/\/accentlabels.com\/fr\/wp-json\/wp\/v2\/pages"}],"about":[{"href":"https:\/\/accentlabels.com\/fr\/wp-json\/wp\/v2\/types\/page"}],"author":[{"embeddable":true,"href":"https:\/\/accentlabels.com\/fr\/wp-json\/wp\/v2\/users\/4"}],"replies":[{"embeddable":true,"href":"https:\/\/accentlabels.com\/fr\/wp-json\/wp\/v2\/comments?post=491"}],"version-history":[{"count":6,"href":"https:\/\/accentlabels.com\/fr\/wp-json\/wp\/v2\/pages\/491\/revisions"}],"predecessor-version":[{"id":1451,"href":"https:\/\/accentlabels.com\/fr\/wp-json\/wp\/v2\/pages\/491\/revisions\/1451"}],"wp:attachment":[{"href":"https:\/\/accentlabels.com\/fr\/wp-json\/wp\/v2\/media?parent=491"}],"curies":[{"name":"wp","href":"https:\/\/api.w.org\/{rel}","templated":true}]}}