{"id":492,"date":"2023-08-21T11:20:01","date_gmt":"2023-08-21T15:20:01","guid":{"rendered":"https:\/\/localhost\/accentlabels\/web\/a-porpos\/"},"modified":"2024-03-04T08:23:52","modified_gmt":"2024-03-04T13:23:52","slug":"a-porpos","status":"publish","type":"page","link":"https:\/\/accentlabels.com\/fr\/a-porpos\/","title":{"rendered":"\u00c0 propos"},"content":{"rendered":"","protected":false},"excerpt":{"rendered":"","protected":false},"author":4,"featured_media":0,"parent":0,"menu_order":0,"comment_status":"closed","ping_status":"closed","template":"template-parts\/about-us.php","meta":{"inline_featured_image":false,"footnotes":""},"class_list":["post-492","page","type-page","status-publish","hentry"],"acf":[],"yoast_head":"<!-- This site is optimized with the Yoast SEO plugin v21.3 - https:\/\/yoast.com\/wordpress\/plugins\/seo\/ -->\n<title>\u00c0 propos | Accent Labels<\/title>\n<meta name=\"description\" content=\"Fi\u00e8rement canadienne et \u00e9ternellement jeune depuis plus de 30 ans, Accent Labels repr\u00e9sente le nec plus ultra de l\u2019identification de marque dans l\u2019industrie du v\u00eatement. Nos solutions, nos designs, notre production sans faille et le parfait minutage de nos d\u00e9lais de livraison \u00e9pousent vos normes et mettent en valeur le caract\u00e8re unique de chacune de vos marques. Cet \u00e9tonnant savoir-faire, n\u00e9 d\u2019une polyvalence in\u00e9gal\u00e9e, fait de nous un partenaire appr\u00e9ci\u00e9 et une valeur ajout\u00e9e pour tous vos projets. Gr\u00e2ce \u00e0 lui, nous pouvons simplifier, personnaliser et mettre en \u0153uvre des solutions finement int\u00e9gr\u00e9es, de l\u2019id\u00e9ation d\u2019\u00e9tiquetage \u00e0 l\u2019emballage. Et nous offrons toujours le meilleur de nous-m\u00eames, que vous soyez une grande marque \u00e9tablie ou une grande marque en devenir.\" \/>\n<meta name=\"robots\" content=\"index, follow, max-snippet:-1, max-image-preview:large, max-video-preview:-1\" \/>\n<link rel=\"canonical\" href=\"https:\/\/accentlabels.com\/fr\/a-porpos\/\" \/>\n<meta property=\"og:locale\" content=\"fr_FR\" \/>\n<meta property=\"og:type\" content=\"article\" \/>\n<meta property=\"og:title\" content=\"\u00c0 propos | Accent Labels\" \/>\n<meta property=\"og:description\" content=\"Fi\u00e8rement canadienne et \u00e9ternellement jeune depuis plus de 30 ans, Accent Labels repr\u00e9sente le nec plus ultra de l\u2019identification de marque dans l\u2019industrie du v\u00eatement. Nos solutions, nos designs, notre production sans faille et le parfait minutage de nos d\u00e9lais de livraison \u00e9pousent vos normes et mettent en valeur le caract\u00e8re unique de chacune de vos marques. Cet \u00e9tonnant savoir-faire, n\u00e9 d\u2019une polyvalence in\u00e9gal\u00e9e, fait de nous un partenaire appr\u00e9ci\u00e9 et une valeur ajout\u00e9e pour tous vos projets. Gr\u00e2ce \u00e0 lui, nous pouvons simplifier, personnaliser et mettre en \u0153uvre des solutions finement int\u00e9gr\u00e9es, de l\u2019id\u00e9ation d\u2019\u00e9tiquetage \u00e0 l\u2019emballage. Et nous offrons toujours le meilleur de nous-m\u00eames, que vous soyez une grande marque \u00e9tablie ou une grande marque en devenir.\" \/>\n<meta property=\"og:url\" content=\"https:\/\/accentlabels.com\/fr\/a-porpos\/\" \/>\n<meta property=\"og:site_name\" content=\"Accent Labels\" \/>\n<meta property=\"article:modified_time\" content=\"2024-03-04T13:23:52+00:00\" \/>\n<meta name=\"twitter:card\" content=\"summary_large_image\" \/>\n<script type=\"application\/ld+json\" class=\"yoast-schema-graph\">{\"@context\":\"https:\/\/schema.org\",\"@graph\":[{\"@type\":\"WebPage\",\"@id\":\"https:\/\/accentlabels.com\/fr\/a-porpos\/\",\"url\":\"https:\/\/accentlabels.com\/fr\/a-porpos\/\",\"name\":\"\u00c0 propos | Accent Labels\",\"isPartOf\":{\"@id\":\"https:\/\/accentlabels.com\/fr\/#website\"},\"datePublished\":\"2023-08-21T15:20:01+00:00\",\"dateModified\":\"2024-03-04T13:23:52+00:00\",\"description\":\"Fi\u00e8rement canadienne et \u00e9ternellement jeune depuis plus de 30 ans, Accent Labels repr\u00e9sente le nec plus ultra de l\u2019identification de marque dans l\u2019industrie du v\u00eatement. Nos solutions, nos designs, notre production sans faille et le parfait minutage de nos d\u00e9lais de livraison \u00e9pousent vos normes et mettent en valeur le caract\u00e8re unique de chacune de vos marques. Cet \u00e9tonnant savoir-faire, n\u00e9 d\u2019une polyvalence in\u00e9gal\u00e9e, fait de nous un partenaire appr\u00e9ci\u00e9 et une valeur ajout\u00e9e pour tous vos projets. Gr\u00e2ce \u00e0 lui, nous pouvons simplifier, personnaliser et mettre en \u0153uvre des solutions finement int\u00e9gr\u00e9es, de l\u2019id\u00e9ation d\u2019\u00e9tiquetage \u00e0 l\u2019emballage. Et nous offrons toujours le meilleur de nous-m\u00eames, que vous soyez une grande marque \u00e9tablie ou une grande marque en devenir.\",\"breadcrumb\":{\"@id\":\"https:\/\/accentlabels.com\/fr\/a-porpos\/#breadcrumb\"},\"inLanguage\":\"fr-FR\",\"potentialAction\":[{\"@type\":\"ReadAction\",\"target\":[\"https:\/\/accentlabels.com\/fr\/a-porpos\/\"]}]},{\"@type\":\"BreadcrumbList\",\"@id\":\"https:\/\/accentlabels.com\/fr\/a-porpos\/#breadcrumb\",\"itemListElement\":[{\"@type\":\"ListItem\",\"position\":1,\"name\":\"Home\",\"item\":\"https:\/\/accentlabels.com\/fr\/\"},{\"@type\":\"ListItem\",\"position\":2,\"name\":\"\u00c0 propos\"}]},{\"@type\":\"WebSite\",\"@id\":\"https:\/\/accentlabels.com\/fr\/#website\",\"url\":\"https:\/\/accentlabels.com\/fr\/\",\"name\":\"Accent Labels\",\"description\":\"\",\"potentialAction\":[{\"@type\":\"SearchAction\",\"target\":{\"@type\":\"EntryPoint\",\"urlTemplate\":\"https:\/\/accentlabels.com\/fr\/?s={search_term_string}\"},\"query-input\":\"required name=search_term_string\"}],\"inLanguage\":\"fr-FR\"}]}<\/script>\n<!-- \/ Yoast SEO plugin. -->","yoast_head_json":{"title":"\u00c0 propos | Accent Labels","description":"Fi\u00e8rement canadienne et \u00e9ternellement jeune depuis plus de 30 ans, Accent Labels repr\u00e9sente le nec plus ultra de l\u2019identification de marque dans l\u2019industrie du v\u00eatement. Nos solutions, nos designs, notre production sans faille et le parfait minutage de nos d\u00e9lais de livraison \u00e9pousent vos normes et mettent en valeur le caract\u00e8re unique de chacune de vos marques. Cet \u00e9tonnant savoir-faire, n\u00e9 d\u2019une polyvalence in\u00e9gal\u00e9e, fait de nous un partenaire appr\u00e9ci\u00e9 et une valeur ajout\u00e9e pour tous vos projets. Gr\u00e2ce \u00e0 lui, nous pouvons simplifier, personnaliser et mettre en \u0153uvre des solutions finement int\u00e9gr\u00e9es, de l\u2019id\u00e9ation d\u2019\u00e9tiquetage \u00e0 l\u2019emballage. Et nous offrons toujours le meilleur de nous-m\u00eames, que vous soyez une grande marque \u00e9tablie ou une grande marque en devenir.","robots":{"index":"index","follow":"follow","max-snippet":"max-snippet:-1","max-image-preview":"max-image-preview:large","max-video-preview":"max-video-preview:-1"},"canonical":"https:\/\/accentlabels.com\/fr\/a-porpos\/","og_locale":"fr_FR","og_type":"article","og_title":"\u00c0 propos | Accent Labels","og_description":"Fi\u00e8rement canadienne et \u00e9ternellement jeune depuis plus de 30 ans, Accent Labels repr\u00e9sente le nec plus ultra de l\u2019identification de marque dans l\u2019industrie du v\u00eatement. Nos solutions, nos designs, notre production sans faille et le parfait minutage de nos d\u00e9lais de livraison \u00e9pousent vos normes et mettent en valeur le caract\u00e8re unique de chacune de vos marques. Cet \u00e9tonnant savoir-faire, n\u00e9 d\u2019une polyvalence in\u00e9gal\u00e9e, fait de nous un partenaire appr\u00e9ci\u00e9 et une valeur ajout\u00e9e pour tous vos projets. Gr\u00e2ce \u00e0 lui, nous pouvons simplifier, personnaliser et mettre en \u0153uvre des solutions finement int\u00e9gr\u00e9es, de l\u2019id\u00e9ation d\u2019\u00e9tiquetage \u00e0 l\u2019emballage. Et nous offrons toujours le meilleur de nous-m\u00eames, que vous soyez une grande marque \u00e9tablie ou une grande marque en devenir.","og_url":"https:\/\/accentlabels.com\/fr\/a-porpos\/","og_site_name":"Accent Labels","article_modified_time":"2024-03-04T13:23:52+00:00","twitter_card":"summary_large_image","schema":{"@context":"https:\/\/schema.org","@graph":[{"@type":"WebPage","@id":"https:\/\/accentlabels.com\/fr\/a-porpos\/","url":"https:\/\/accentlabels.com\/fr\/a-porpos\/","name":"\u00c0 propos | Accent Labels","isPartOf":{"@id":"https:\/\/accentlabels.com\/fr\/#website"},"datePublished":"2023-08-21T15:20:01+00:00","dateModified":"2024-03-04T13:23:52+00:00","description":"Fi\u00e8rement canadienne et \u00e9ternellement jeune depuis plus de 30 ans, Accent Labels repr\u00e9sente le nec plus ultra de l\u2019identification de marque dans l\u2019industrie du v\u00eatement. Nos solutions, nos designs, notre production sans faille et le parfait minutage de nos d\u00e9lais de livraison \u00e9pousent vos normes et mettent en valeur le caract\u00e8re unique de chacune de vos marques. Cet \u00e9tonnant savoir-faire, n\u00e9 d\u2019une polyvalence in\u00e9gal\u00e9e, fait de nous un partenaire appr\u00e9ci\u00e9 et une valeur ajout\u00e9e pour tous vos projets. Gr\u00e2ce \u00e0 lui, nous pouvons simplifier, personnaliser et mettre en \u0153uvre des solutions finement int\u00e9gr\u00e9es, de l\u2019id\u00e9ation d\u2019\u00e9tiquetage \u00e0 l\u2019emballage. Et nous offrons toujours le meilleur de nous-m\u00eames, que vous soyez une grande marque \u00e9tablie ou une grande marque en devenir.","breadcrumb":{"@id":"https:\/\/accentlabels.com\/fr\/a-porpos\/#breadcrumb"},"inLanguage":"fr-FR","potentialAction":[{"@type":"ReadAction","target":["https:\/\/accentlabels.com\/fr\/a-porpos\/"]}]},{"@type":"BreadcrumbList","@id":"https:\/\/accentlabels.com\/fr\/a-porpos\/#breadcrumb","itemListElement":[{"@type":"ListItem","position":1,"name":"Home","item":"https:\/\/accentlabels.com\/fr\/"},{"@type":"ListItem","position":2,"name":"\u00c0 propos"}]},{"@type":"WebSite","@id":"https:\/\/accentlabels.com\/fr\/#website","url":"https:\/\/accentlabels.com\/fr\/","name":"Accent Labels","description":"","potentialAction":[{"@type":"SearchAction","target":{"@type":"EntryPoint","urlTemplate":"https:\/\/accentlabels.com\/fr\/?s={search_term_string}"},"query-input":"required name=search_term_string"}],"inLanguage":"fr-FR"}]}},"_links":{"self":[{"href":"https:\/\/accentlabels.com\/fr\/wp-json\/wp\/v2\/pages\/492","targetHints":{"allow":["GET"]}}],"collection":[{"href":"https:\/\/accentlabels.com\/fr\/wp-json\/wp\/v2\/pages"}],"about":[{"href":"https:\/\/accentlabels.com\/fr\/wp-json\/wp\/v2\/types\/page"}],"author":[{"embeddable":true,"href":"https:\/\/accentlabels.com\/fr\/wp-json\/wp\/v2\/users\/4"}],"replies":[{"embeddable":true,"href":"https:\/\/accentlabels.com\/fr\/wp-json\/wp\/v2\/comments?post=492"}],"version-history":[{"count":26,"href":"https:\/\/accentlabels.com\/fr\/wp-json\/wp\/v2\/pages\/492\/revisions"}],"predecessor-version":[{"id":1601,"href":"https:\/\/accentlabels.com\/fr\/wp-json\/wp\/v2\/pages\/492\/revisions\/1601"}],"wp:attachment":[{"href":"https:\/\/accentlabels.com\/fr\/wp-json\/wp\/v2\/media?parent=492"}],"curies":[{"name":"wp","href":"https:\/\/api.w.org\/{rel}","templated":true}]}}