{"id":493,"date":"2023-08-11T17:10:41","date_gmt":"2023-08-11T21:10:41","guid":{"rendered":"https:\/\/localhost\/accentlabels\/web\/accueil\/"},"modified":"2023-11-24T12:52:26","modified_gmt":"2023-11-24T17:52:26","slug":"accueil","status":"publish","type":"page","link":"https:\/\/accentlabels.com\/fr\/","title":{"rendered":"Accueil"},"content":{"rendered":"","protected":false},"excerpt":{"rendered":"","protected":false},"author":3,"featured_media":0,"parent":0,"menu_order":0,"comment_status":"closed","ping_status":"closed","template":"template-parts\/front-page.php","meta":{"inline_featured_image":false,"footnotes":""},"class_list":["post-493","page","type-page","status-publish","hentry"],"acf":[],"yoast_head":"<!-- This site is optimized with the Yoast SEO plugin v21.3 - https:\/\/yoast.com\/wordpress\/plugins\/seo\/ -->\n<title>Accueil | Accent Labels<\/title>\n<meta name=\"description\" content=\"Notre \u00e9quipe regroupe une foule de talents et d\u2019expertises.Ensemble, nous mettons ce savoir-faire multidisciplinaire aux services des solutions d\u2019\u00e9tiquetages les plus performantes pour vos marques. Des concepts les plus vari\u00e9s \u00e0 leur r\u00e9alisation la plus soign\u00e9e.\" \/>\n<meta name=\"robots\" content=\"index, follow, max-snippet:-1, max-image-preview:large, max-video-preview:-1\" \/>\n<link rel=\"canonical\" href=\"https:\/\/accentlabels.com\/fr\/\" \/>\n<meta property=\"og:locale\" content=\"fr_FR\" \/>\n<meta property=\"og:type\" content=\"article\" \/>\n<meta property=\"og:title\" content=\"Accueil | Accent Labels\" \/>\n<meta property=\"og:description\" content=\"Notre \u00e9quipe regroupe une foule de talents et d\u2019expertises.Ensemble, nous mettons ce savoir-faire multidisciplinaire aux services des solutions d\u2019\u00e9tiquetages les plus performantes pour vos marques. Des concepts les plus vari\u00e9s \u00e0 leur r\u00e9alisation la plus soign\u00e9e.\" \/>\n<meta property=\"og:url\" content=\"https:\/\/accentlabels.com\/fr\/\" \/>\n<meta property=\"og:site_name\" content=\"Accent Labels\" \/>\n<meta property=\"article:modified_time\" content=\"2023-11-24T17:52:26+00:00\" \/>\n<meta name=\"twitter:card\" content=\"summary_large_image\" \/>\n<script type=\"application\/ld+json\" class=\"yoast-schema-graph\">{\"@context\":\"https:\/\/schema.org\",\"@graph\":[{\"@type\":\"WebPage\",\"@id\":\"https:\/\/accentlabels.com\/fr\/\",\"url\":\"https:\/\/accentlabels.com\/fr\/\",\"name\":\"Accueil | Accent Labels\",\"isPartOf\":{\"@id\":\"https:\/\/accentlabels.com\/fr\/#website\"},\"datePublished\":\"2023-08-11T21:10:41+00:00\",\"dateModified\":\"2023-11-24T17:52:26+00:00\",\"description\":\"Notre \u00e9quipe regroupe une foule de talents et d\u2019expertises.Ensemble, nous mettons ce savoir-faire multidisciplinaire aux services des solutions d\u2019\u00e9tiquetages les plus performantes pour vos marques. Des concepts les plus vari\u00e9s \u00e0 leur r\u00e9alisation la plus soign\u00e9e.\",\"breadcrumb\":{\"@id\":\"https:\/\/accentlabels.com\/fr\/#breadcrumb\"},\"inLanguage\":\"fr-FR\",\"potentialAction\":[{\"@type\":\"ReadAction\",\"target\":[\"https:\/\/accentlabels.com\/fr\/\"]}]},{\"@type\":\"BreadcrumbList\",\"@id\":\"https:\/\/accentlabels.com\/fr\/#breadcrumb\",\"itemListElement\":[{\"@type\":\"ListItem\",\"position\":1,\"name\":\"Home\",\"item\":\"https:\/\/accentlabels.com\/fr\/\"},{\"@type\":\"ListItem\",\"position\":2,\"name\":\"Accueil\"}]},{\"@type\":\"WebSite\",\"@id\":\"https:\/\/accentlabels.com\/fr\/#website\",\"url\":\"https:\/\/accentlabels.com\/fr\/\",\"name\":\"Accent Labels\",\"description\":\"\",\"potentialAction\":[{\"@type\":\"SearchAction\",\"target\":{\"@type\":\"EntryPoint\",\"urlTemplate\":\"https:\/\/accentlabels.com\/fr\/?s={search_term_string}\"},\"query-input\":\"required name=search_term_string\"}],\"inLanguage\":\"fr-FR\"}]}<\/script>\n<!-- \/ Yoast SEO plugin. -->","yoast_head_json":{"title":"Accueil | Accent Labels","description":"Notre \u00e9quipe regroupe une foule de talents et d\u2019expertises.Ensemble, nous mettons ce savoir-faire multidisciplinaire aux services des solutions d\u2019\u00e9tiquetages les plus performantes pour vos marques. Des concepts les plus vari\u00e9s \u00e0 leur r\u00e9alisation la plus soign\u00e9e.","robots":{"index":"index","follow":"follow","max-snippet":"max-snippet:-1","max-image-preview":"max-image-preview:large","max-video-preview":"max-video-preview:-1"},"canonical":"https:\/\/accentlabels.com\/fr\/","og_locale":"fr_FR","og_type":"article","og_title":"Accueil | Accent Labels","og_description":"Notre \u00e9quipe regroupe une foule de talents et d\u2019expertises.Ensemble, nous mettons ce savoir-faire multidisciplinaire aux services des solutions d\u2019\u00e9tiquetages les plus performantes pour vos marques. Des concepts les plus vari\u00e9s \u00e0 leur r\u00e9alisation la plus soign\u00e9e.","og_url":"https:\/\/accentlabels.com\/fr\/","og_site_name":"Accent Labels","article_modified_time":"2023-11-24T17:52:26+00:00","twitter_card":"summary_large_image","schema":{"@context":"https:\/\/schema.org","@graph":[{"@type":"WebPage","@id":"https:\/\/accentlabels.com\/fr\/","url":"https:\/\/accentlabels.com\/fr\/","name":"Accueil | Accent Labels","isPartOf":{"@id":"https:\/\/accentlabels.com\/fr\/#website"},"datePublished":"2023-08-11T21:10:41+00:00","dateModified":"2023-11-24T17:52:26+00:00","description":"Notre \u00e9quipe regroupe une foule de talents et d\u2019expertises.Ensemble, nous mettons ce savoir-faire multidisciplinaire aux services des solutions d\u2019\u00e9tiquetages les plus performantes pour vos marques. Des concepts les plus vari\u00e9s \u00e0 leur r\u00e9alisation la plus soign\u00e9e.","breadcrumb":{"@id":"https:\/\/accentlabels.com\/fr\/#breadcrumb"},"inLanguage":"fr-FR","potentialAction":[{"@type":"ReadAction","target":["https:\/\/accentlabels.com\/fr\/"]}]},{"@type":"BreadcrumbList","@id":"https:\/\/accentlabels.com\/fr\/#breadcrumb","itemListElement":[{"@type":"ListItem","position":1,"name":"Home","item":"https:\/\/accentlabels.com\/fr\/"},{"@type":"ListItem","position":2,"name":"Accueil"}]},{"@type":"WebSite","@id":"https:\/\/accentlabels.com\/fr\/#website","url":"https:\/\/accentlabels.com\/fr\/","name":"Accent Labels","description":"","potentialAction":[{"@type":"SearchAction","target":{"@type":"EntryPoint","urlTemplate":"https:\/\/accentlabels.com\/fr\/?s={search_term_string}"},"query-input":"required name=search_term_string"}],"inLanguage":"fr-FR"}]}},"_links":{"self":[{"href":"https:\/\/accentlabels.com\/fr\/wp-json\/wp\/v2\/pages\/493","targetHints":{"allow":["GET"]}}],"collection":[{"href":"https:\/\/accentlabels.com\/fr\/wp-json\/wp\/v2\/pages"}],"about":[{"href":"https:\/\/accentlabels.com\/fr\/wp-json\/wp\/v2\/types\/page"}],"author":[{"embeddable":true,"href":"https:\/\/accentlabels.com\/fr\/wp-json\/wp\/v2\/users\/3"}],"replies":[{"embeddable":true,"href":"https:\/\/accentlabels.com\/fr\/wp-json\/wp\/v2\/comments?post=493"}],"version-history":[{"count":23,"href":"https:\/\/accentlabels.com\/fr\/wp-json\/wp\/v2\/pages\/493\/revisions"}],"predecessor-version":[{"id":1535,"href":"https:\/\/accentlabels.com\/fr\/wp-json\/wp\/v2\/pages\/493\/revisions\/1535"}],"wp:attachment":[{"href":"https:\/\/accentlabels.com\/fr\/wp-json\/wp\/v2\/media?parent=493"}],"curies":[{"name":"wp","href":"https:\/\/api.w.org\/{rel}","templated":true}]}}