{"id":495,"date":"2023-08-11T16:17:05","date_gmt":"2023-08-11T20:17:05","guid":{"rendered":"https:\/\/localhost\/accentlabels\/web\/notre-travail\/"},"modified":"2023-11-24T10:40:04","modified_gmt":"2023-11-24T15:40:04","slug":"notre-travail","status":"publish","type":"page","link":"https:\/\/accentlabels.com\/fr\/notre-travail\/","title":{"rendered":"Nos r\u00e9alisations"},"content":{"rendered":"","protected":false},"excerpt":{"rendered":"","protected":false},"author":3,"featured_media":0,"parent":0,"menu_order":0,"comment_status":"closed","ping_status":"closed","template":"template-parts\/our-work-page.php","meta":{"inline_featured_image":false,"footnotes":""},"class_list":["post-495","page","type-page","status-publish","hentry"],"acf":[],"yoast_head":"<!-- This site is optimized with the Yoast SEO plugin v21.3 - https:\/\/yoast.com\/wordpress\/plugins\/seo\/ -->\n<title>Nos r\u00e9alisations | Accent Labels<\/title>\n<meta name=\"description\" content=\"Accent Labels est un fournisseur et partenaire de confiance. Toutes nos \u00e9quipes sont engag\u00e9es dans l\u2019essor et la protection de votre marque. Elles donnent le meilleur d\u2019elles-m\u00eames dans chacune des phases de vos projets afin d\u2019arriver \u00e0 un produit fini qui soit \u00e0 la hauteur de vos attentes. De la grande id\u00e9e initiale sur le plan du design au menu d\u00e9tail qui rehausse \u00e0 merveille le choix d\u2019un mat\u00e9riau, nous veillons \u00e0 tout. C\u2019est ainsi que nous arrivons toujours au meilleur r\u00e9sultat, et toujours dans les d\u00e9lais pr\u00e9vus.\" \/>\n<meta name=\"robots\" content=\"index, follow, max-snippet:-1, max-image-preview:large, max-video-preview:-1\" \/>\n<link rel=\"canonical\" href=\"https:\/\/accentlabels.com\/fr\/notre-travail\/\" \/>\n<meta property=\"og:locale\" content=\"fr_FR\" \/>\n<meta property=\"og:type\" content=\"article\" \/>\n<meta property=\"og:title\" content=\"Nos r\u00e9alisations | Accent Labels\" \/>\n<meta property=\"og:description\" content=\"Accent Labels est un fournisseur et partenaire de confiance. Toutes nos \u00e9quipes sont engag\u00e9es dans l\u2019essor et la protection de votre marque. Elles donnent le meilleur d\u2019elles-m\u00eames dans chacune des phases de vos projets afin d\u2019arriver \u00e0 un produit fini qui soit \u00e0 la hauteur de vos attentes. De la grande id\u00e9e initiale sur le plan du design au menu d\u00e9tail qui rehausse \u00e0 merveille le choix d\u2019un mat\u00e9riau, nous veillons \u00e0 tout. C\u2019est ainsi que nous arrivons toujours au meilleur r\u00e9sultat, et toujours dans les d\u00e9lais pr\u00e9vus.\" \/>\n<meta property=\"og:url\" content=\"https:\/\/accentlabels.com\/fr\/notre-travail\/\" \/>\n<meta property=\"og:site_name\" content=\"Accent Labels\" \/>\n<meta property=\"article:modified_time\" content=\"2023-11-24T15:40:04+00:00\" \/>\n<meta name=\"twitter:card\" content=\"summary_large_image\" \/>\n<script type=\"application\/ld+json\" class=\"yoast-schema-graph\">{\"@context\":\"https:\/\/schema.org\",\"@graph\":[{\"@type\":\"WebPage\",\"@id\":\"https:\/\/accentlabels.com\/fr\/notre-travail\/\",\"url\":\"https:\/\/accentlabels.com\/fr\/notre-travail\/\",\"name\":\"Nos r\u00e9alisations | Accent Labels\",\"isPartOf\":{\"@id\":\"https:\/\/www.accentlabels.com\/fr\/#website\"},\"datePublished\":\"2023-08-11T20:17:05+00:00\",\"dateModified\":\"2023-11-24T15:40:04+00:00\",\"description\":\"Accent Labels est un fournisseur et partenaire de confiance. Toutes nos \u00e9quipes sont engag\u00e9es dans l\u2019essor et la protection de votre marque. Elles donnent le meilleur d\u2019elles-m\u00eames dans chacune des phases de vos projets afin d\u2019arriver \u00e0 un produit fini qui soit \u00e0 la hauteur de vos attentes. De la grande id\u00e9e initiale sur le plan du design au menu d\u00e9tail qui rehausse \u00e0 merveille le choix d\u2019un mat\u00e9riau, nous veillons \u00e0 tout. C\u2019est ainsi que nous arrivons toujours au meilleur r\u00e9sultat, et toujours dans les d\u00e9lais pr\u00e9vus.\",\"breadcrumb\":{\"@id\":\"https:\/\/accentlabels.com\/fr\/notre-travail\/#breadcrumb\"},\"inLanguage\":\"fr-FR\",\"potentialAction\":[{\"@type\":\"ReadAction\",\"target\":[\"https:\/\/accentlabels.com\/fr\/notre-travail\/\"]}]},{\"@type\":\"BreadcrumbList\",\"@id\":\"https:\/\/accentlabels.com\/fr\/notre-travail\/#breadcrumb\",\"itemListElement\":[{\"@type\":\"ListItem\",\"position\":1,\"name\":\"Home\",\"item\":\"https:\/\/accentlabels.com.67-215-6-202.limacharlie.studio\/fr\/\"},{\"@type\":\"ListItem\",\"position\":2,\"name\":\"Nos r\u00e9alisations\"}]},{\"@type\":\"WebSite\",\"@id\":\"https:\/\/www.accentlabels.com\/fr\/#website\",\"url\":\"https:\/\/www.accentlabels.com\/fr\/\",\"name\":\"Accent Labels\",\"description\":\"\",\"potentialAction\":[{\"@type\":\"SearchAction\",\"target\":{\"@type\":\"EntryPoint\",\"urlTemplate\":\"https:\/\/www.accentlabels.com\/fr\/?s={search_term_string}\"},\"query-input\":\"required name=search_term_string\"}],\"inLanguage\":\"fr-FR\"}]}<\/script>\n<!-- \/ Yoast SEO plugin. -->","yoast_head_json":{"title":"Nos r\u00e9alisations | Accent Labels","description":"Accent Labels est un fournisseur et partenaire de confiance. Toutes nos \u00e9quipes sont engag\u00e9es dans l\u2019essor et la protection de votre marque. Elles donnent le meilleur d\u2019elles-m\u00eames dans chacune des phases de vos projets afin d\u2019arriver \u00e0 un produit fini qui soit \u00e0 la hauteur de vos attentes. De la grande id\u00e9e initiale sur le plan du design au menu d\u00e9tail qui rehausse \u00e0 merveille le choix d\u2019un mat\u00e9riau, nous veillons \u00e0 tout. C\u2019est ainsi que nous arrivons toujours au meilleur r\u00e9sultat, et toujours dans les d\u00e9lais pr\u00e9vus.","robots":{"index":"index","follow":"follow","max-snippet":"max-snippet:-1","max-image-preview":"max-image-preview:large","max-video-preview":"max-video-preview:-1"},"canonical":"https:\/\/accentlabels.com\/fr\/notre-travail\/","og_locale":"fr_FR","og_type":"article","og_title":"Nos r\u00e9alisations | Accent Labels","og_description":"Accent Labels est un fournisseur et partenaire de confiance. Toutes nos \u00e9quipes sont engag\u00e9es dans l\u2019essor et la protection de votre marque. Elles donnent le meilleur d\u2019elles-m\u00eames dans chacune des phases de vos projets afin d\u2019arriver \u00e0 un produit fini qui soit \u00e0 la hauteur de vos attentes. De la grande id\u00e9e initiale sur le plan du design au menu d\u00e9tail qui rehausse \u00e0 merveille le choix d\u2019un mat\u00e9riau, nous veillons \u00e0 tout. C\u2019est ainsi que nous arrivons toujours au meilleur r\u00e9sultat, et toujours dans les d\u00e9lais pr\u00e9vus.","og_url":"https:\/\/accentlabels.com\/fr\/notre-travail\/","og_site_name":"Accent Labels","article_modified_time":"2023-11-24T15:40:04+00:00","twitter_card":"summary_large_image","schema":{"@context":"https:\/\/schema.org","@graph":[{"@type":"WebPage","@id":"https:\/\/accentlabels.com\/fr\/notre-travail\/","url":"https:\/\/accentlabels.com\/fr\/notre-travail\/","name":"Nos r\u00e9alisations | Accent Labels","isPartOf":{"@id":"https:\/\/www.accentlabels.com\/fr\/#website"},"datePublished":"2023-08-11T20:17:05+00:00","dateModified":"2023-11-24T15:40:04+00:00","description":"Accent Labels est un fournisseur et partenaire de confiance. Toutes nos \u00e9quipes sont engag\u00e9es dans l\u2019essor et la protection de votre marque. Elles donnent le meilleur d\u2019elles-m\u00eames dans chacune des phases de vos projets afin d\u2019arriver \u00e0 un produit fini qui soit \u00e0 la hauteur de vos attentes. De la grande id\u00e9e initiale sur le plan du design au menu d\u00e9tail qui rehausse \u00e0 merveille le choix d\u2019un mat\u00e9riau, nous veillons \u00e0 tout. C\u2019est ainsi que nous arrivons toujours au meilleur r\u00e9sultat, et toujours dans les d\u00e9lais pr\u00e9vus.","breadcrumb":{"@id":"https:\/\/accentlabels.com\/fr\/notre-travail\/#breadcrumb"},"inLanguage":"fr-FR","potentialAction":[{"@type":"ReadAction","target":["https:\/\/accentlabels.com\/fr\/notre-travail\/"]}]},{"@type":"BreadcrumbList","@id":"https:\/\/accentlabels.com\/fr\/notre-travail\/#breadcrumb","itemListElement":[{"@type":"ListItem","position":1,"name":"Home","item":"https:\/\/accentlabels.com.67-215-6-202.limacharlie.studio\/fr\/"},{"@type":"ListItem","position":2,"name":"Nos r\u00e9alisations"}]},{"@type":"WebSite","@id":"https:\/\/www.accentlabels.com\/fr\/#website","url":"https:\/\/www.accentlabels.com\/fr\/","name":"Accent Labels","description":"","potentialAction":[{"@type":"SearchAction","target":{"@type":"EntryPoint","urlTemplate":"https:\/\/www.accentlabels.com\/fr\/?s={search_term_string}"},"query-input":"required name=search_term_string"}],"inLanguage":"fr-FR"}]}},"_links":{"self":[{"href":"https:\/\/accentlabels.com\/fr\/wp-json\/wp\/v2\/pages\/495","targetHints":{"allow":["GET"]}}],"collection":[{"href":"https:\/\/accentlabels.com\/fr\/wp-json\/wp\/v2\/pages"}],"about":[{"href":"https:\/\/accentlabels.com\/fr\/wp-json\/wp\/v2\/types\/page"}],"author":[{"embeddable":true,"href":"https:\/\/accentlabels.com\/fr\/wp-json\/wp\/v2\/users\/3"}],"replies":[{"embeddable":true,"href":"https:\/\/accentlabels.com\/fr\/wp-json\/wp\/v2\/comments?post=495"}],"version-history":[{"count":25,"href":"https:\/\/accentlabels.com\/fr\/wp-json\/wp\/v2\/pages\/495\/revisions"}],"predecessor-version":[{"id":1541,"href":"https:\/\/accentlabels.com\/fr\/wp-json\/wp\/v2\/pages\/495\/revisions\/1541"}],"wp:attachment":[{"href":"https:\/\/accentlabels.com\/fr\/wp-json\/wp\/v2\/media?parent=495"}],"curies":[{"name":"wp","href":"https:\/\/api.w.org\/{rel}","templated":true}]}}